{"id":1275,"date":"2022-05-15T16:13:32","date_gmt":"2022-05-15T16:13:32","guid":{"rendered":"https:\/\/sintonizeaqui.com.br\/sintonize\/be-pin-posts-38\/"},"modified":"2022-05-15T16:13:32","modified_gmt":"2022-05-15T16:13:32","slug":"be-pin-posts-38","status":"publish","type":"page","link":"https:\/\/sintonizeaqui.com.br\/sintonize\/be-pin-posts-38\/","title":{"rendered":"Pin Posts"},"content":{"rendered":"            <p>It seems there is not any post added into Read Later list.<\/p>\n        \n","protected":false},"excerpt":{"rendered":"","protected":false},"author":1,"featured_media":0,"parent":0,"menu_order":0,"comment_status":"closed","ping_status":"closed","template":"","meta":{"footnotes":""},"class_list":["post-1275","page","type-page","status-publish","hentry"],"yoast_head":"<!-- This site is optimized with the Yoast SEO plugin v27.3 - https:\/\/yoast.com\/product\/yoast-seo-wordpress\/ -->\n<title>Pin Posts - SintonizeAqui<\/title>\n<meta name=\"robots\" content=\"index, follow, max-snippet:-1, max-image-preview:large, max-video-preview:-1\" \/>\n<link rel=\"canonical\" href=\"https:\/\/sintonizeaqui.com.br\/sintonize\/be-pin-posts-38\/\" \/>\n<meta property=\"og:locale\" content=\"pt_BR\" \/>\n<meta property=\"og:type\" content=\"article\" \/>\n<meta property=\"og:title\" content=\"Pin Posts - SintonizeAqui\" \/>\n<meta property=\"og:url\" content=\"https:\/\/sintonizeaqui.com.br\/sintonize\/be-pin-posts-38\/\" \/>\n<meta property=\"og:site_name\" content=\"SintonizeAqui\" \/>\n<meta property=\"article:publisher\" content=\"https:\/\/pt-br.facebook.com\/Sintonizeaqui\/\" \/>\n<meta property=\"og:image\" content=\"https:\/\/sintonizeaqui.com.br\/sintonize\/wp-content\/uploads\/2021\/12\/cropped-logo-1.png\" \/>\n\t<meta property=\"og:image:width\" content=\"181\" \/>\n\t<meta property=\"og:image:height\" content=\"126\" \/>\n\t<meta property=\"og:image:type\" content=\"image\/png\" \/>\n<meta name=\"twitter:card\" content=\"summary_large_image\" \/>\n<script type=\"application\/ld+json\" class=\"yoast-schema-graph\">{\"@context\":\"https:\\\/\\\/schema.org\",\"@graph\":[{\"@type\":\"WebPage\",\"@id\":\"https:\\\/\\\/sintonizeaqui.com.br\\\/sintonize\\\/be-pin-posts-38\\\/\",\"url\":\"https:\\\/\\\/sintonizeaqui.com.br\\\/sintonize\\\/be-pin-posts-38\\\/\",\"name\":\"Pin Posts - SintonizeAqui\",\"isPartOf\":{\"@id\":\"https:\\\/\\\/sintonizeaqui.com.br\\\/sintonize\\\/#website\"},\"datePublished\":\"2022-05-15T16:13:32+00:00\",\"breadcrumb\":{\"@id\":\"https:\\\/\\\/sintonizeaqui.com.br\\\/sintonize\\\/be-pin-posts-38\\\/#breadcrumb\"},\"inLanguage\":\"pt-BR\",\"potentialAction\":[{\"@type\":\"ReadAction\",\"target\":[\"https:\\\/\\\/sintonizeaqui.com.br\\\/sintonize\\\/be-pin-posts-38\\\/\"]}]},{\"@type\":\"BreadcrumbList\",\"@id\":\"https:\\\/\\\/sintonizeaqui.com.br\\\/sintonize\\\/be-pin-posts-38\\\/#breadcrumb\",\"itemListElement\":[{\"@type\":\"ListItem\",\"position\":1,\"name\":\"In\u00edcio\",\"item\":\"https:\\\/\\\/sintonizeaqui.com.br\\\/sintonize\\\/\"},{\"@type\":\"ListItem\",\"position\":2,\"name\":\"Pin Posts\"}]},{\"@type\":\"WebSite\",\"@id\":\"https:\\\/\\\/sintonizeaqui.com.br\\\/sintonize\\\/#website\",\"url\":\"https:\\\/\\\/sintonizeaqui.com.br\\\/sintonize\\\/\",\"name\":\"SintonizeAqui\",\"description\":\"Not\u00edcias de Tr\u00eas Pontas e informa\u00e7\u00f5es \u00fateis para o trespontano!\",\"publisher\":{\"@id\":\"https:\\\/\\\/sintonizeaqui.com.br\\\/sintonize\\\/#organization\"},\"potentialAction\":[{\"@type\":\"SearchAction\",\"target\":{\"@type\":\"EntryPoint\",\"urlTemplate\":\"https:\\\/\\\/sintonizeaqui.com.br\\\/sintonize\\\/?s={search_term_string}\"},\"query-input\":{\"@type\":\"PropertyValueSpecification\",\"valueRequired\":true,\"valueName\":\"search_term_string\"}}],\"inLanguage\":\"pt-BR\"},{\"@type\":\"Organization\",\"@id\":\"https:\\\/\\\/sintonizeaqui.com.br\\\/sintonize\\\/#organization\",\"name\":\"SintonizeAqui\",\"url\":\"https:\\\/\\\/sintonizeaqui.com.br\\\/sintonize\\\/\",\"logo\":{\"@type\":\"ImageObject\",\"inLanguage\":\"pt-BR\",\"@id\":\"https:\\\/\\\/sintonizeaqui.com.br\\\/sintonize\\\/#\\\/schema\\\/logo\\\/image\\\/\",\"url\":\"https:\\\/\\\/sintonizeaqui.com.br\\\/sintonize\\\/wp-content\\\/uploads\\\/2022\\\/01\\\/cropped-NovaLoja.jpeg\",\"contentUrl\":\"https:\\\/\\\/sintonizeaqui.com.br\\\/sintonize\\\/wp-content\\\/uploads\\\/2022\\\/01\\\/cropped-NovaLoja.jpeg\",\"width\":528,\"height\":285,\"caption\":\"SintonizeAqui\"},\"image\":{\"@id\":\"https:\\\/\\\/sintonizeaqui.com.br\\\/sintonize\\\/#\\\/schema\\\/logo\\\/image\\\/\"},\"sameAs\":[\"https:\\\/\\\/pt-br.facebook.com\\\/Sintonizeaqui\\\/\"]}]}<\/script>\n<!-- \/ Yoast SEO plugin. -->","yoast_head_json":{"title":"Pin Posts - SintonizeAqui","robots":{"index":"index","follow":"follow","max-snippet":"max-snippet:-1","max-image-preview":"max-image-preview:large","max-video-preview":"max-video-preview:-1"},"canonical":"https:\/\/sintonizeaqui.com.br\/sintonize\/be-pin-posts-38\/","og_locale":"pt_BR","og_type":"article","og_title":"Pin Posts - SintonizeAqui","og_url":"https:\/\/sintonizeaqui.com.br\/sintonize\/be-pin-posts-38\/","og_site_name":"SintonizeAqui","article_publisher":"https:\/\/pt-br.facebook.com\/Sintonizeaqui\/","og_image":[{"width":181,"height":126,"url":"https:\/\/sintonizeaqui.com.br\/sintonize\/wp-content\/uploads\/2021\/12\/cropped-logo-1.png","type":"image\/png"}],"twitter_card":"summary_large_image","schema":{"@context":"https:\/\/schema.org","@graph":[{"@type":"WebPage","@id":"https:\/\/sintonizeaqui.com.br\/sintonize\/be-pin-posts-38\/","url":"https:\/\/sintonizeaqui.com.br\/sintonize\/be-pin-posts-38\/","name":"Pin Posts - SintonizeAqui","isPartOf":{"@id":"https:\/\/sintonizeaqui.com.br\/sintonize\/#website"},"datePublished":"2022-05-15T16:13:32+00:00","breadcrumb":{"@id":"https:\/\/sintonizeaqui.com.br\/sintonize\/be-pin-posts-38\/#breadcrumb"},"inLanguage":"pt-BR","potentialAction":[{"@type":"ReadAction","target":["https:\/\/sintonizeaqui.com.br\/sintonize\/be-pin-posts-38\/"]}]},{"@type":"BreadcrumbList","@id":"https:\/\/sintonizeaqui.com.br\/sintonize\/be-pin-posts-38\/#breadcrumb","itemListElement":[{"@type":"ListItem","position":1,"name":"In\u00edcio","item":"https:\/\/sintonizeaqui.com.br\/sintonize\/"},{"@type":"ListItem","position":2,"name":"Pin Posts"}]},{"@type":"WebSite","@id":"https:\/\/sintonizeaqui.com.br\/sintonize\/#website","url":"https:\/\/sintonizeaqui.com.br\/sintonize\/","name":"SintonizeAqui","description":"Not\u00edcias de Tr\u00eas Pontas e informa\u00e7\u00f5es \u00fateis para o trespontano!","publisher":{"@id":"https:\/\/sintonizeaqui.com.br\/sintonize\/#organization"},"potentialAction":[{"@type":"SearchAction","target":{"@type":"EntryPoint","urlTemplate":"https:\/\/sintonizeaqui.com.br\/sintonize\/?s={search_term_string}"},"query-input":{"@type":"PropertyValueSpecification","valueRequired":true,"valueName":"search_term_string"}}],"inLanguage":"pt-BR"},{"@type":"Organization","@id":"https:\/\/sintonizeaqui.com.br\/sintonize\/#organization","name":"SintonizeAqui","url":"https:\/\/sintonizeaqui.com.br\/sintonize\/","logo":{"@type":"ImageObject","inLanguage":"pt-BR","@id":"https:\/\/sintonizeaqui.com.br\/sintonize\/#\/schema\/logo\/image\/","url":"https:\/\/sintonizeaqui.com.br\/sintonize\/wp-content\/uploads\/2022\/01\/cropped-NovaLoja.jpeg","contentUrl":"https:\/\/sintonizeaqui.com.br\/sintonize\/wp-content\/uploads\/2022\/01\/cropped-NovaLoja.jpeg","width":528,"height":285,"caption":"SintonizeAqui"},"image":{"@id":"https:\/\/sintonizeaqui.com.br\/sintonize\/#\/schema\/logo\/image\/"},"sameAs":["https:\/\/pt-br.facebook.com\/Sintonizeaqui\/"]}]}},"_links":{"self":[{"href":"https:\/\/sintonizeaqui.com.br\/sintonize\/wp-json\/wp\/v2\/pages\/1275","targetHints":{"allow":["GET"]}}],"collection":[{"href":"https:\/\/sintonizeaqui.com.br\/sintonize\/wp-json\/wp\/v2\/pages"}],"about":[{"href":"https:\/\/sintonizeaqui.com.br\/sintonize\/wp-json\/wp\/v2\/types\/page"}],"author":[{"embeddable":true,"href":"https:\/\/sintonizeaqui.com.br\/sintonize\/wp-json\/wp\/v2\/users\/1"}],"replies":[{"embeddable":true,"href":"https:\/\/sintonizeaqui.com.br\/sintonize\/wp-json\/wp\/v2\/comments?post=1275"}],"version-history":[{"count":0,"href":"https:\/\/sintonizeaqui.com.br\/sintonize\/wp-json\/wp\/v2\/pages\/1275\/revisions"}],"wp:attachment":[{"href":"https:\/\/sintonizeaqui.com.br\/sintonize\/wp-json\/wp\/v2\/media?parent=1275"}],"curies":[{"name":"wp","href":"https:\/\/api.w.org\/{rel}","templated":true}]}}